{"id":20,"date":"2010-07-12T17:29:59","date_gmt":"2010-07-12T17:29:59","guid":{"rendered":"https:\/\/guharoy.alwaysdata.net\/?page_id=20"},"modified":"2021-05-31T17:57:11","modified_gmt":"2021-05-31T15:57:11","slug":"animation","status":"publish","type":"page","link":"https:\/\/motherland-guharoy.net\/en\/animation\/","title":{"rendered":"Animations"},"content":{"rendered":"<h3>Compassion<\/h3>\n<p><iframe title=\"Compassion\" width=\"840\" height=\"630\" src=\"https:\/\/www.youtube.com\/embed\/Oi6Rbji3SM0?feature=oembed&#038;width=840&#038;height=1000&#038;discover=1\" frameborder=\"0\" allow=\"accelerometer; autoplay; clipboard-write; encrypted-media; gyroscope; picture-in-picture\" allowfullscreen><\/iframe><\/p>\n<h3>Meditation<\/h3>\n<p><iframe title=\"M\u00e9ditation\" width=\"840\" height=\"630\" src=\"https:\/\/www.youtube.com\/embed\/ghyx-8CWqPk?feature=oembed&#038;width=840&#038;height=1000&#038;discover=1\" frameborder=\"0\" allow=\"accelerometer; autoplay; clipboard-write; encrypted-media; gyroscope; picture-in-picture\" allowfullscreen><\/iframe><\/p>\n<h3>Unity<\/h3>\n<p><iframe title=\"Unit\u00e9\" width=\"840\" height=\"630\" src=\"https:\/\/www.youtube.com\/embed\/AiVTaEXXb4Y?feature=oembed&#038;width=840&#038;height=1000&#038;discover=1\" frameborder=\"0\" allow=\"accelerometer; autoplay; clipboard-write; encrypted-media; gyroscope; picture-in-picture\" allowfullscreen><\/iframe><\/p>\n<h3>Prayers<\/h3>\n<p><iframe title=\"video Prayers.flv\" width=\"840\" height=\"630\" src=\"https:\/\/www.youtube.com\/embed\/ZKJPtfkYc9Q?feature=oembed&#038;width=840&#038;height=1000&#038;discover=1\" frameborder=\"0\" allow=\"accelerometer; autoplay; clipboard-write; encrypted-media; gyroscope; picture-in-picture\" allowfullscreen><\/iframe><\/p>\n<h3>Serenity<\/h3>\n<p><iframe title=\"S\u00e9r\u00e9nit\u00e9\" width=\"840\" height=\"630\" src=\"https:\/\/www.youtube.com\/embed\/mnjV3b5l98c?feature=oembed&#038;width=840&#038;height=1000&#038;discover=1\" frameborder=\"0\" allow=\"accelerometer; autoplay; clipboard-write; encrypted-media; gyroscope; picture-in-picture\" allowfullscreen><\/iframe><\/p>\n<h3>Dreams and Reality<\/h3>\n<p><iframe title=\"Reves et R\u00e9alit\u00e9\" width=\"840\" height=\"630\" src=\"https:\/\/www.youtube.com\/embed\/yqIc4r6wc8s?feature=oembed&#038;width=840&#038;height=1000&#038;discover=1\" frameborder=\"0\" allow=\"accelerometer; autoplay; clipboard-write; encrypted-media; gyroscope; picture-in-picture\" allowfullscreen><\/iframe><\/p>\n<h3>Pilgrimage<\/h3>\n<p><iframe title=\"Video Pilgrimage.flv\" width=\"840\" height=\"630\" src=\"https:\/\/www.youtube.com\/embed\/QlLo4b52DB0?feature=oembed&#038;width=840&#038;height=1000&#038;discover=1\" frameborder=\"0\" allow=\"accelerometer; autoplay; clipboard-write; encrypted-media; gyroscope; picture-in-picture\" allowfullscreen><\/iframe><\/p>\n","protected":false},"excerpt":{"rendered":"<p>Compassion Meditation Unity Prayers Serenity Dreams and Reality Pilgrimage<\/p>\n","protected":false},"author":2,"featured_media":0,"parent":0,"menu_order":0,"comment_status":"closed","ping_status":"open","template":"","meta":{"iawp_total_views":18,"footnotes":""},"class_list":["post-20","page","type-page","status-publish","hentry"],"_links":{"self":[{"href":"https:\/\/motherland-guharoy.net\/en\/wp-json\/wp\/v2\/pages\/20","targetHints":{"allow":["GET"]}}],"collection":[{"href":"https:\/\/motherland-guharoy.net\/en\/wp-json\/wp\/v2\/pages"}],"about":[{"href":"https:\/\/motherland-guharoy.net\/en\/wp-json\/wp\/v2\/types\/page"}],"author":[{"embeddable":true,"href":"https:\/\/motherland-guharoy.net\/en\/wp-json\/wp\/v2\/users\/2"}],"replies":[{"embeddable":true,"href":"https:\/\/motherland-guharoy.net\/en\/wp-json\/wp\/v2\/comments?post=20"}],"version-history":[{"count":0,"href":"https:\/\/motherland-guharoy.net\/en\/wp-json\/wp\/v2\/pages\/20\/revisions"}],"wp:attachment":[{"href":"https:\/\/motherland-guharoy.net\/en\/wp-json\/wp\/v2\/media?parent=20"}],"curies":[{"name":"wp","href":"https:\/\/api.w.org\/{rel}","templated":true}]}}