{"id":7310,"date":"2015-07-29T09:14:31","date_gmt":"2015-07-29T08:14:31","guid":{"rendered":"http:\/\/motherland.cw56.net\/recitation-et-musique\/?lang=en"},"modified":"2026-04-10T05:42:30","modified_gmt":"2026-04-10T03:42:30","slug":"recitation-et-musique","status":"publish","type":"page","link":"https:\/\/motherland-guharoy.net\/en\/music\/recitation-et-musique\/","title":{"rendered":"R\u00e9citation et musique"},"content":{"rendered":"<p><strong><span style=\"color: #0000ff;\">L&#8217;Ecran g\u00e9ant<\/span><\/strong><\/p>\n<audio class=\"wp-audio-shortcode\" id=\"audio-7310-1\" preload=\"none\" style=\"width: 100%;\" controls=\"controls\"><source type=\"audio\/mpeg\" src=\"https:\/\/motherland-guharoy.net\/wp-content\/uploads\/2010\/08\/Screen.mp3?_=1\" \/><a href=\"https:\/\/motherland-guharoy.net\/wp-content\/uploads\/2010\/08\/Screen.mp3\">https:\/\/motherland-guharoy.net\/wp-content\/uploads\/2010\/08\/Screen.mp3<\/a><\/audio>\n<p><strong><span style=\"color: #0000ff;\"> l&#8217;Idole- Assis tranquillement &#8211; Les B\u00e9n\u00e9dictions<\/span><\/strong><\/p>\n<audio class=\"wp-audio-shortcode\" id=\"audio-7310-2\" preload=\"none\" style=\"width: 100%;\" controls=\"controls\"><source type=\"audio\/mpeg\" src=\"https:\/\/motherland-guharoy.net\/wp-content\/uploads\/2010\/08\/Idole-au-contour-vague.mp3?_=2\" \/><a href=\"https:\/\/motherland-guharoy.net\/wp-content\/uploads\/2010\/08\/Idole-au-contour-vague.mp3\">https:\/\/motherland-guharoy.net\/wp-content\/uploads\/2010\/08\/Idole-au-contour-vague.mp3<\/a><\/audio>\n<p><strong><span style=\"color: #0000ff;\"> Remember Me<\/span><\/strong><\/p>\n<audio class=\"wp-audio-shortcode\" id=\"audio-7310-3\" preload=\"none\" style=\"width: 100%;\" controls=\"controls\"><source type=\"audio\/mpeg\" src=\"https:\/\/motherland-guharoy.net\/wp-content\/uploads\/2010\/08\/audio-Remember-Me.mp3?_=3\" \/><a href=\"https:\/\/motherland-guharoy.net\/wp-content\/uploads\/2010\/08\/audio-Remember-Me.mp3\">https:\/\/motherland-guharoy.net\/wp-content\/uploads\/2010\/08\/audio-Remember-Me.mp3<\/a><\/audio>\n<p><strong><span style=\"color: #0000ff;\">The Delegate &#8211; Ever young life<\/span><\/strong><\/p>\n<audio class=\"wp-audio-shortcode\" id=\"audio-7310-4\" preload=\"none\" style=\"width: 100%;\" controls=\"controls\"><source type=\"audio\/mpeg\" src=\"https:\/\/motherland-guharoy.net\/wp-content\/uploads\/2010\/08\/The-delegate-ever-young-life.mp3?_=4\" \/><a href=\"https:\/\/motherland-guharoy.net\/wp-content\/uploads\/2010\/08\/The-delegate-ever-young-life.mp3\">https:\/\/motherland-guharoy.net\/wp-content\/uploads\/2010\/08\/The-delegate-ever-young-life.mp3<\/a><\/audio>\n<p><strong><span style=\"color: #0000ff;\">Images Mobiles<\/span><\/strong><\/p>\n<audio class=\"wp-audio-shortcode\" id=\"audio-7310-5\" preload=\"none\" style=\"width: 100%;\" controls=\"controls\"><source type=\"audio\/mpeg\" src=\"https:\/\/motherland-guharoy.net\/wp-content\/uploads\/2010\/08\/Images-mobiles.mp3?_=5\" \/><a href=\"https:\/\/motherland-guharoy.net\/wp-content\/uploads\/2010\/08\/Images-mobiles.mp3\">https:\/\/motherland-guharoy.net\/wp-content\/uploads\/2010\/08\/Images-mobiles.mp3<\/a><\/audio>\n<p><strong><span style=\"color: #0000ff;\">Les b\u00e9n\u00e9dictions &#8211; La ville magique<\/span><\/strong><\/p>\n<audio class=\"wp-audio-shortcode\" id=\"audio-7310-6\" preload=\"none\" style=\"width: 100%;\" controls=\"controls\"><source type=\"audio\/mpeg\" src=\"https:\/\/motherland-guharoy.net\/wp-content\/uploads\/2010\/08\/Les-Benedictions-La-Ville-magique.mp3?_=6\" \/><a href=\"https:\/\/motherland-guharoy.net\/wp-content\/uploads\/2010\/08\/Les-Benedictions-La-Ville-magique.mp3\">https:\/\/motherland-guharoy.net\/wp-content\/uploads\/2010\/08\/Les-Benedictions-La-Ville-magique.mp3<\/a><\/audio>\n<p><span style=\"color: #0000ff;\">\u00a0<\/span><\/p>\n","protected":false},"excerpt":{"rendered":"<p>L&#8217;Ecran g\u00e9ant l&#8217;Idole- Assis tranquillement &#8211; Les B\u00e9n\u00e9dictions Remember Me The Delegate &#8211; Ever young life Images Mobiles Les b\u00e9n\u00e9dictions [&hellip;]<\/p>\n","protected":false},"author":3,"featured_media":0,"parent":7324,"menu_order":0,"comment_status":"closed","ping_status":"open","template":"","meta":{"iawp_total_views":5,"footnotes":""},"class_list":["post-7310","page","type-page","status-publish","hentry"],"_links":{"self":[{"href":"https:\/\/motherland-guharoy.net\/en\/wp-json\/wp\/v2\/pages\/7310","targetHints":{"allow":["GET"]}}],"collection":[{"href":"https:\/\/motherland-guharoy.net\/en\/wp-json\/wp\/v2\/pages"}],"about":[{"href":"https:\/\/motherland-guharoy.net\/en\/wp-json\/wp\/v2\/types\/page"}],"author":[{"embeddable":true,"href":"https:\/\/motherland-guharoy.net\/en\/wp-json\/wp\/v2\/users\/3"}],"replies":[{"embeddable":true,"href":"https:\/\/motherland-guharoy.net\/en\/wp-json\/wp\/v2\/comments?post=7310"}],"version-history":[{"count":1,"href":"https:\/\/motherland-guharoy.net\/en\/wp-json\/wp\/v2\/pages\/7310\/revisions"}],"predecessor-version":[{"id":178696,"href":"https:\/\/motherland-guharoy.net\/en\/wp-json\/wp\/v2\/pages\/7310\/revisions\/178696"}],"up":[{"embeddable":true,"href":"https:\/\/motherland-guharoy.net\/en\/wp-json\/wp\/v2\/pages\/7324"}],"wp:attachment":[{"href":"https:\/\/motherland-guharoy.net\/en\/wp-json\/wp\/v2\/media?parent=7310"}],"curies":[{"name":"wp","href":"https:\/\/api.w.org\/{rel}","templated":true}]}}